{"id":10899,"date":"2016-02-23T13:24:53","date_gmt":"2016-02-23T13:24:53","guid":{"rendered":"http:\/\/qt.dev\/dev\/new\/?page_id=2"},"modified":"2025-05-05T15:08:50","modified_gmt":"2025-05-05T15:08:50","slug":"about-us","status":"publish","type":"page","link":"https:\/\/niclimpieza.co\/index.php\/about-us\/","title":{"rendered":"Nosotros"},"content":{"rendered":"<section class=\"wpb-content-wrapper\"><p>[vc_row css=\u00bb.vc_custom_1563191168416{margin-bottom: 20px !important;}\u00bb][vc_column width=\u00bb2\/3&#8243;][qt_custom_heading heading_tag=\u00bbh2&#8243; heading_alignment=\u00bbtext-left\u00bb css=\u00bb.vc_custom_1719516593115{margin-bottom: 20px !important;}\u00bb heading_main=\u00bb\u00bfPor qu\u00e9 nosotros?\u00bb][vc_column_text]<strong>Sabemos que tienes necesidades y expectativas \u00fanicas. Por eso vamos m\u00e1s all\u00e1 del\u00a0aseo y la limpieza.<\/strong><\/p>\n<p>Nuestro prop\u00f3sito\u00a0es hacer que tu vida sea m\u00e1s f\u00e1cil y que tengas m\u00e1s tiempo<br \/>\npara vivir tu vida. Te ayudamos a lograrlo, a trav\u00e9s de un\u00a0servicio altamente personalizado de aseo y mantenimiento\u00a0para tu hogar y oficina.<br \/>\nEso quiere decir, que existimos para\u00a0consentirte y darte gusto\u00a0en todo lo que est\u00e9 a nuestro alcance.[\/vc_column_text][\/vc_column][vc_column width=\u00bb1\/3&#8243;][vc_video link=\u00bb\u00bb align=\u00bbcenter\u00bb][\/vc_column][\/vc_row][vc_row css=\u00bb.vc_custom_1549033200916{margin-bottom: 50px !important;}\u00bb][vc_column width=\u00bb1\/3&#8243;][qt_iconbox iconbox_icon_symbol=\u00bbfont-icon\u00bb iconbox_icon_position=\u00bbicon-left icon-float\u00bb iconbox_layout=\u00bbstyle-2&#8243; iconbox_wrap_border=\u00bbtrue\u00bb iconbox_icon=\u00bbfas fa-sync\u00bb iconbox_heading=\u00bbSpecialized Company\u00bb]Nos especializamos en limpieza residencial y comercial.[\/qt_iconbox][\/vc_column][vc_column width=\u00bb1\/3&#8243;][qt_iconbox iconbox_icon_symbol=\u00bbfont-icon\u00bb iconbox_icon_position=\u00bbicon-left icon-float\u00bb iconbox_layout=\u00bbstyle-2&#8243; iconbox_wrap_border=\u00bbtrue\u00bb iconbox_icon=\u00bbfas fa-lock\u00bb iconbox_heading=\u00bbCon licencia y ARL\u00bb message=\u00bb\u00bb]Para su tranquilidad, todos nuestros limpiadores cuentan con licencia y seguro.[\/qt_iconbox][\/vc_column][vc_column width=\u00bb1\/3&#8243;][qt_iconbox iconbox_icon_symbol=\u00bbfont-icon\u00bb iconbox_icon_position=\u00bbicon-left icon-float\u00bb iconbox_layout=\u00bbstyle-2&#8243; iconbox_wrap_border=\u00bbtrue\u00bb iconbox_icon=\u00bbfas fa-tachometer-alt\u00bb iconbox_heading=\u00bbServicios confiables\u00bb]Nos enorgullecemos de nuestros servicios. Cada trabajo se entrega a tiempo y dentro del presupuesto.[\/qt_iconbox][\/vc_column][\/vc_row][vc_row full_width=\u00bbstretch_row\u00bb css=\u00bb.vc_custom_1696813771822{margin-bottom: 0px !important;padding-top: 65px !important;padding-bottom: 100px !important;background-image: url(https:\/\/doctordelinmueble.com\/wp-content\/uploads\/2023\/10\/img05.png?id=12798) !important;background-position: center !important;background-repeat: no-repeat !important;background-size: cover !important;}\u00bb][vc_column][qt_animate_element css_animation=\u00bbbottom-to-top\u00bb animation_delay=\u00bb\u00bb animation_duration=\u00bb\u00bb][qt_custom_heading heading_tag=\u00bbh1&#8243; heading_alignment=\u00bbtext-center\u00bb heading_top=\u00bbNecesitas un servicio de Aseo y limpieza\u00bb heading_top_color=\u00bb#f7d32d\u00bb heading_main=\u00bbProfesionales en aseo y mantenimiento<br \/>\nde tu hogar y oficina\u00bb heading_main_color=\u00bb#ffffff\u00bb css=\u00bb.vc_custom_1746456963672{margin-bottom: 20px !important;}\u00bb custom_class=\u00bbwpb_animate_when_almost_visible wpb_bottom-to-top bottom-to-top\u00bb][\/qt_animate_element][qt_animate_element css_animation=\u00bbbottom-to-top\u00bb animation_delay=\u00bb\u00bb animation_duration=\u00bb\u00bb][qt_button button_style=\u00bbprimary-color\u00bb button_align=\u00bbalign-center\u00bb button_text=\u00bbAgenda tu servicio\u00bb custom_class=\u00bbwpb_animate_when_almost_visible wpb_bottom-to-top bottom-to-top\u00bb button_link=\u00bburl:https%3A%2F%2Fapi.whatsapp.com%2Fsend%3Fphone%3D573105422749%26text%3DHola%2520NIC%2C%2520necesito%2520informaci%C3%B3n%2520sobre%2520los%2520servicios%2520de%2520limpieza|target:_blank\u00bb][\/qt_animate_element][\/vc_column][\/vc_row][vc_row full_width=\u00bbstretch_row\u00bb disable_element=\u00bbyes\u00bb type=\u00bbcontainer\u00bb padding_top=\u00bb\u00bb padding_bottom=\u00bb\u00bb css=\u00bb.vc_custom_1719516504821{margin-bottom: 37px !important;padding-top: 40px !important;padding-bottom: 35px !important;background-color: #f5f7fb !important;background-position: center !important;background-repeat: no-repeat !important;background-size: contain !important;}\u00bb][vc_column][qt_custom_heading heading_tag=\u00bbh2&#8243; heading_alignment=\u00bbtext-left\u00bb heading_main=\u00bbTestimoniales\u00bb css=\u00bb.vc_custom_1719516357245{margin-bottom: 10px !important;}\u00bb][qt_testimonials type=\u00bbcarousel\u00bb columns=\u00bb2&#8243; category=\u00bball\u00bb arrows=\u00bbarrows-top-right\u00bb arrows_color=\u00bbarrows-darker\u00bb slideby=\u00bb3&#8243; layout=\u00bblayout-2&#8243; columns_tablet=\u00bb\u00bb columns_mobile=\u00bb\u00bb orderby=\u00bborderby-date\u00bb order=\u00bborder-desc\u00bb infinite=\u00bbtrue\u00bb][\/vc_column][\/vc_row][vc_row][vc_column][qt_custom_heading heading_tag=\u00bbh2&#8243; heading_alignment=\u00bbtext-left\u00bb css=\u00bb.vc_custom_1719516445504{margin-bottom: 10px !important;}\u00bb heading_main=\u00bbNuestro profesionales\u00bb][qt_team type=\u00bbcarousel\u00bb columns=\u00bb4&#8243; category=\u00bball\u00bb arrows=\u00bbarrows-top-right\u00bb arrows_color=\u00bbarrows-darker\u00bb slideby=\u00bb4&#8243; columns_tablet=\u00bb\u00bb columns_mobile=\u00bb\u00bb orderby=\u00bborderby-date\u00bb order=\u00bborder-desc\u00bb infinite=\u00bbtrue\u00bb hide_excerpt=\u00bbtrue\u00bb hide_link=\u00bbtrue\u00bb css=\u00bb.vc_custom_1578339652935{margin-bottom: 0px !important;}\u00bb][\/vc_column][\/vc_row]<\/p>\n<\/section>","protected":false},"excerpt":{"rendered":"<p>[vc_row css=\u00bb.vc_custom_1563191168416{margin-bottom: 20px !important;}\u00bb][vc_column width=\u00bb2\/3&#8243;][qt_custom_heading heading_tag=\u00bbh2&#8243; heading_alignment=\u00bbtext-left\u00bb css=\u00bb.vc_custom_1719516593115{margin-bottom: 20px !important;}\u00bb heading_main=\u00bb\u00bfPor qu\u00e9 nosotros?\u00bb][vc_column_text]Sabemos que tienes necesidades y expectativas \u00fanicas. Por eso vamos m\u00e1s all\u00e1 del\u00a0aseo y la limpieza. Nuestro prop\u00f3sito\u00a0es hacer que tu vida sea m\u00e1s f\u00e1cil y que tengas m\u00e1s tiempo para vivir tu vida. Te ayudamos a lograrlo, a trav\u00e9s de un\u00a0servicio altamente&hellip;<\/p>\n","protected":false},"author":1,"featured_media":0,"parent":0,"menu_order":0,"comment_status":"closed","ping_status":"closed","template":"","meta":{"footnotes":""},"class_list":["post-10899","page","type-page","status-publish","hentry"],"acf":[],"yoast_head":"<!-- This site is optimized with the Yoast SEO plugin v27.4 - https:\/\/yoast.com\/product\/yoast-seo-wordpress\/ -->\n<title>Nosotros - Nic limpieza<\/title>\n<meta name=\"robots\" content=\"index, follow, max-snippet:-1, max-image-preview:large, max-video-preview:-1\" \/>\n<link rel=\"canonical\" href=\"https:\/\/niclimpieza.co\/index.php\/about-us\/\" \/>\n<meta property=\"og:locale\" content=\"es_ES\" \/>\n<meta property=\"og:type\" content=\"article\" \/>\n<meta property=\"og:title\" content=\"Nosotros - Nic limpieza\" \/>\n<meta property=\"og:description\" content=\"[vc_row css=\u00bb.vc_custom_1563191168416{margin-bottom: 20px !important;}\u00bb][vc_column width=\u00bb2\/3&#8243;][qt_custom_heading heading_tag=\u00bbh2&#8243; heading_alignment=\u00bbtext-left\u00bb css=\u00bb.vc_custom_1719516593115{margin-bottom: 20px !important;}\u00bb heading_main=\u00bb\u00bfPor qu\u00e9 nosotros?\u00bb][vc_column_text]Sabemos que tienes necesidades y expectativas \u00fanicas. Por eso vamos m\u00e1s all\u00e1 del\u00a0aseo y la limpieza. Nuestro prop\u00f3sito\u00a0es hacer que tu vida sea m\u00e1s f\u00e1cil y que tengas m\u00e1s tiempo para vivir tu vida. Te ayudamos a lograrlo, a trav\u00e9s de un\u00a0servicio altamente&hellip;\" \/>\n<meta property=\"og:url\" content=\"https:\/\/niclimpieza.co\/index.php\/about-us\/\" \/>\n<meta property=\"og:site_name\" content=\"Nic limpieza\" \/>\n<meta property=\"article:modified_time\" content=\"2025-05-05T15:08:50+00:00\" \/>\n<meta name=\"twitter:card\" content=\"summary_large_image\" \/>\n<meta name=\"twitter:label1\" content=\"Tiempo de lectura\" \/>\n\t<meta name=\"twitter:data1\" content=\"2 minutos\" \/>\n<script type=\"application\/ld+json\" class=\"yoast-schema-graph\">{\"@context\":\"https:\\\/\\\/schema.org\",\"@graph\":[{\"@type\":\"WebPage\",\"@id\":\"https:\\\/\\\/niclimpieza.co\\\/index.php\\\/about-us\\\/\",\"url\":\"https:\\\/\\\/niclimpieza.co\\\/index.php\\\/about-us\\\/\",\"name\":\"Nosotros - Nic limpieza\",\"isPartOf\":{\"@id\":\"https:\\\/\\\/niclimpieza.co\\\/#website\"},\"datePublished\":\"2016-02-23T13:24:53+00:00\",\"dateModified\":\"2025-05-05T15:08:50+00:00\",\"breadcrumb\":{\"@id\":\"https:\\\/\\\/niclimpieza.co\\\/index.php\\\/about-us\\\/#breadcrumb\"},\"inLanguage\":\"es\",\"potentialAction\":[{\"@type\":\"ReadAction\",\"target\":[\"https:\\\/\\\/niclimpieza.co\\\/index.php\\\/about-us\\\/\"]}]},{\"@type\":\"BreadcrumbList\",\"@id\":\"https:\\\/\\\/niclimpieza.co\\\/index.php\\\/about-us\\\/#breadcrumb\",\"itemListElement\":[{\"@type\":\"ListItem\",\"position\":1,\"name\":\"Portada\",\"item\":\"https:\\\/\\\/niclimpieza.co\\\/\"},{\"@type\":\"ListItem\",\"position\":2,\"name\":\"Nosotros\"}]},{\"@type\":\"WebSite\",\"@id\":\"https:\\\/\\\/niclimpieza.co\\\/#website\",\"url\":\"https:\\\/\\\/niclimpieza.co\\\/\",\"name\":\"Nic limpieza\",\"description\":\"\",\"publisher\":{\"@id\":\"https:\\\/\\\/niclimpieza.co\\\/#organization\"},\"potentialAction\":[{\"@type\":\"SearchAction\",\"target\":{\"@type\":\"EntryPoint\",\"urlTemplate\":\"https:\\\/\\\/niclimpieza.co\\\/?s={search_term_string}\"},\"query-input\":{\"@type\":\"PropertyValueSpecification\",\"valueRequired\":true,\"valueName\":\"search_term_string\"}}],\"inLanguage\":\"es\"},{\"@type\":\"Organization\",\"@id\":\"https:\\\/\\\/niclimpieza.co\\\/#organization\",\"name\":\"Nic limpieza\",\"url\":\"https:\\\/\\\/niclimpieza.co\\\/\",\"logo\":{\"@type\":\"ImageObject\",\"inLanguage\":\"es\",\"@id\":\"https:\\\/\\\/niclimpieza.co\\\/#\\\/schema\\\/logo\\\/image\\\/\",\"url\":\"https:\\\/\\\/www.niclimpieza.co\\\/wp-content\\\/uploads\\\/2023\\\/08\\\/mesa-de-trabajo-13.png\",\"contentUrl\":\"https:\\\/\\\/www.niclimpieza.co\\\/wp-content\\\/uploads\\\/2023\\\/08\\\/mesa-de-trabajo-13.png\",\"width\":193,\"height\":131,\"caption\":\"Nic limpieza\"},\"image\":{\"@id\":\"https:\\\/\\\/niclimpieza.co\\\/#\\\/schema\\\/logo\\\/image\\\/\"}}]}<\/script>\n<!-- \/ Yoast SEO plugin. -->","yoast_head_json":{"title":"Nosotros - Nic limpieza","robots":{"index":"index","follow":"follow","max-snippet":"max-snippet:-1","max-image-preview":"max-image-preview:large","max-video-preview":"max-video-preview:-1"},"canonical":"https:\/\/niclimpieza.co\/index.php\/about-us\/","og_locale":"es_ES","og_type":"article","og_title":"Nosotros - Nic limpieza","og_description":"[vc_row css=\u00bb.vc_custom_1563191168416{margin-bottom: 20px !important;}\u00bb][vc_column width=\u00bb2\/3&#8243;][qt_custom_heading heading_tag=\u00bbh2&#8243; heading_alignment=\u00bbtext-left\u00bb css=\u00bb.vc_custom_1719516593115{margin-bottom: 20px !important;}\u00bb heading_main=\u00bb\u00bfPor qu\u00e9 nosotros?\u00bb][vc_column_text]Sabemos que tienes necesidades y expectativas \u00fanicas. Por eso vamos m\u00e1s all\u00e1 del\u00a0aseo y la limpieza. Nuestro prop\u00f3sito\u00a0es hacer que tu vida sea m\u00e1s f\u00e1cil y que tengas m\u00e1s tiempo para vivir tu vida. Te ayudamos a lograrlo, a trav\u00e9s de un\u00a0servicio altamente&hellip;","og_url":"https:\/\/niclimpieza.co\/index.php\/about-us\/","og_site_name":"Nic limpieza","article_modified_time":"2025-05-05T15:08:50+00:00","twitter_card":"summary_large_image","twitter_misc":{"Tiempo de lectura":"2 minutos"},"schema":{"@context":"https:\/\/schema.org","@graph":[{"@type":"WebPage","@id":"https:\/\/niclimpieza.co\/index.php\/about-us\/","url":"https:\/\/niclimpieza.co\/index.php\/about-us\/","name":"Nosotros - Nic limpieza","isPartOf":{"@id":"https:\/\/niclimpieza.co\/#website"},"datePublished":"2016-02-23T13:24:53+00:00","dateModified":"2025-05-05T15:08:50+00:00","breadcrumb":{"@id":"https:\/\/niclimpieza.co\/index.php\/about-us\/#breadcrumb"},"inLanguage":"es","potentialAction":[{"@type":"ReadAction","target":["https:\/\/niclimpieza.co\/index.php\/about-us\/"]}]},{"@type":"BreadcrumbList","@id":"https:\/\/niclimpieza.co\/index.php\/about-us\/#breadcrumb","itemListElement":[{"@type":"ListItem","position":1,"name":"Portada","item":"https:\/\/niclimpieza.co\/"},{"@type":"ListItem","position":2,"name":"Nosotros"}]},{"@type":"WebSite","@id":"https:\/\/niclimpieza.co\/#website","url":"https:\/\/niclimpieza.co\/","name":"Nic limpieza","description":"","publisher":{"@id":"https:\/\/niclimpieza.co\/#organization"},"potentialAction":[{"@type":"SearchAction","target":{"@type":"EntryPoint","urlTemplate":"https:\/\/niclimpieza.co\/?s={search_term_string}"},"query-input":{"@type":"PropertyValueSpecification","valueRequired":true,"valueName":"search_term_string"}}],"inLanguage":"es"},{"@type":"Organization","@id":"https:\/\/niclimpieza.co\/#organization","name":"Nic limpieza","url":"https:\/\/niclimpieza.co\/","logo":{"@type":"ImageObject","inLanguage":"es","@id":"https:\/\/niclimpieza.co\/#\/schema\/logo\/image\/","url":"https:\/\/www.niclimpieza.co\/wp-content\/uploads\/2023\/08\/mesa-de-trabajo-13.png","contentUrl":"https:\/\/www.niclimpieza.co\/wp-content\/uploads\/2023\/08\/mesa-de-trabajo-13.png","width":193,"height":131,"caption":"Nic limpieza"},"image":{"@id":"https:\/\/niclimpieza.co\/#\/schema\/logo\/image\/"}}]}},"_links":{"self":[{"href":"https:\/\/niclimpieza.co\/index.php\/wp-json\/wp\/v2\/pages\/10899","targetHints":{"allow":["GET"]}}],"collection":[{"href":"https:\/\/niclimpieza.co\/index.php\/wp-json\/wp\/v2\/pages"}],"about":[{"href":"https:\/\/niclimpieza.co\/index.php\/wp-json\/wp\/v2\/types\/page"}],"author":[{"embeddable":true,"href":"https:\/\/niclimpieza.co\/index.php\/wp-json\/wp\/v2\/users\/1"}],"replies":[{"embeddable":true,"href":"https:\/\/niclimpieza.co\/index.php\/wp-json\/wp\/v2\/comments?post=10899"}],"version-history":[{"count":20,"href":"https:\/\/niclimpieza.co\/index.php\/wp-json\/wp\/v2\/pages\/10899\/revisions"}],"predecessor-version":[{"id":13006,"href":"https:\/\/niclimpieza.co\/index.php\/wp-json\/wp\/v2\/pages\/10899\/revisions\/13006"}],"wp:attachment":[{"href":"https:\/\/niclimpieza.co\/index.php\/wp-json\/wp\/v2\/media?parent=10899"}],"curies":[{"name":"wp","href":"https:\/\/api.w.org\/{rel}","templated":true}]}}