{"id":798,"date":"2016-06-02T17:22:09","date_gmt":"2016-06-02T17:22:09","guid":{"rendered":"http:\/\/qt.dev\/dev\/thecleaner\/?page_id=798"},"modified":"2023-10-08T20:52:55","modified_gmt":"2023-10-08T20:52:55","slug":"hospitality-cleaning","status":"publish","type":"page","link":"https:\/\/niclimpieza.co\/index.php\/services\/hospitality-cleaning\/","title":{"rendered":"Servicio de aseo para hogares"},"content":{"rendered":"<section class=\"wpb-content-wrapper\"><p>[vc_row][vc_column][vc_column_text]<\/p>\n<h2>Te prestamos servicios de aseo para tu hogar ya sea por d\u00edas o tiempo completo.<\/h2>\n<p>[\/vc_column_text][vc_column_text]<strong><span style=\"color: #3d92e4;\">[icon type=\u00bbfas fa-check\u00bb]<\/span>\u00a0 \u00a0<span style=\"color: #343434;\">Aseadora por d\u00edas o tiempo completo<\/span><\/strong><\/p>\n<ul>\n<li>Planchamos tu ropa.<\/li>\n<li>Preparamos y alistamos tus alimentos.<\/li>\n<li>Limpiamos y desinfectamos todo tu ba\u00f1o.<\/li>\n<li>Limpiamos, desengrasamos y desinfectamos tu cocina.<\/li>\n<li>Limpiamos y organizamos tus \u00e1reas sociales.<\/li>\n<li>Paseamos tu perro.<\/li>\n<li>Organizamos tus armarios y tus cuartos.<\/li>\n<li>Regamos tus plantas.<\/li>\n<li>Limpiamos tus vidrios por dentro.<\/li>\n<li>Preparamos tu tinto.<\/li>\n<li>Limpiamos tus tenis.<\/li>\n<li>Lustramos tus zapatos.<\/li>\n<li>Te acompa\u00f1amos a mercar y organizamos el mercado.<\/li>\n<\/ul>\n<p>[\/vc_column_text][vc_row_inner][vc_column_inner width=\u00bb1\/3&#8243;][vc_icon icon_fontawesome=\u00bbfas fa-check\u00bb color=\u00bbwhite\u00bb background_style=\u00bbrounded\u00bb background_color=\u00bbblue\u00bb size=\u00bbxl\u00bb align=\u00bbcenter\u00bb][vc_column_text]<\/p>\n<div style=\"text-align: center;\"><strong>Ocuparte de tantas cosas al d\u00eda no es f\u00e1cil<\/strong><\/div>\n<div style=\"text-align: center;\"><\/div>\n<div style=\"text-align: center;\">Y con tantas distracciones, hoy es clave\u00a0poder enfocarse en lo\u00a0verdaderamente importante.<\/div>\n<p>[\/vc_column_text][\/vc_column_inner][vc_column_inner width=\u00bb1\/3&#8243;][vc_icon icon_fontawesome=\u00bbfas fa-check\u00bb color=\u00bbwhite\u00bb background_style=\u00bbrounded\u00bb background_color=\u00bbblue\u00bb size=\u00bbxl\u00bb align=\u00bbcenter\u00bb][vc_column_text]<\/p>\n<div style=\"text-align: center;\"><strong>Por eso vamos m\u00e1s all\u00e1 del aseo y la limpieza.<\/strong><\/div>\n<div style=\"text-align: center;\"><\/div>\n<div style=\"text-align: center;\">Nuestro prop\u00f3sito es facilitarte la vida para que puedas tener \u00e9xito al contar con m\u00e1s tiempo para compartir con los tuyos.<\/div>\n<p>[\/vc_column_text][\/vc_column_inner][vc_column_inner width=\u00bb1\/3&#8243;][vc_icon icon_fontawesome=\u00bbfas fa-check\u00bb color=\u00bbwhite\u00bb background_style=\u00bbrounded\u00bb background_color=\u00bbblue\u00bb size=\u00bbxl\u00bb align=\u00bbcenter\u00bb][vc_column_text]<\/p>\n<div style=\"text-align: center;\"><strong>Ocuparte de tantas cosas al d\u00eda no es f\u00e1cil<\/strong><\/div>\n<div style=\"text-align: center;\"><\/div>\n<div style=\"text-align: center;\">Existimos para consentirte y darte gusto en todo lo que est\u00e9 a nuestro alcance.<\/div>\n<p>[\/vc_column_text][\/vc_column_inner][\/vc_row_inner][\/vc_column][\/vc_row][vc_row css=\u00bb.vc_custom_1536592541157{margin-bottom: 20px !important;}\u00bb][vc_column][vc_single_image image=\u00bb12757&#8243; alignment=\u00bbcenter\u00bb][vc_single_image image=\u00bb11870&#8243; css=\u00bb.vc_custom_1536592519228{margin-bottom: 0px !important;}\u00bb][\/vc_column][\/vc_row][vc_row][vc_column][vc_column_text css=\u00bb.vc_custom_1696793719864{margin-bottom: 20px !important;}\u00bb]<\/p>\n<h2>\u00bfTienes un requerimiento en particular?<\/h2>\n<p>[\/vc_column_text][\/vc_column][\/vc_row][vc_row css=\u00bb.vc_custom_1536592537805{margin-right: 0px !important;margin-bottom: 30px !important;margin-left: 0px !important;border-top-width: 1px !important;border-right-width: 1px !important;border-bottom-width: 1px !important;border-left-width: 1px !important;padding-top: 20px !important;padding-right: 25px !important;padding-bottom: 40px !important;padding-left: 25px !important;background: #f5f7fb url(https:\/\/thekleaner.qreativethemes.com\/wp-content\/uploads\/sites\/2\/2018\/06\/dots.png?id=11041) !important;background-position: center !important;background-repeat: no-repeat !important;background-size: cover !important;border-left-color: #f0f3f8 !important;border-left-style: solid !important;border-right-color: #f0f3f8 !important;border-right-style: solid !important;border-top-color: #f0f3f8 !important;border-top-style: solid !important;border-bottom-color: #f0f3f8 !important;border-bottom-style: solid !important;}\u00bb][vc_column css=\u00bb.vc_custom_1494255877376{padding-top: 0px !important;}\u00bb]\n<div class=\"wpcf7 no-js\" id=\"wpcf7-f1650-o1\" lang=\"en-US\" dir=\"ltr\" data-wpcf7-id=\"1650\">\n<div class=\"screen-reader-response\"><p role=\"status\" aria-live=\"polite\" aria-atomic=\"true\"><\/p> <ul><\/ul><\/div>\n<form action=\"\/index.php\/wp-json\/wp\/v2\/pages\/798#wpcf7-f1650-o1\" method=\"post\" class=\"wpcf7-form init\" aria-label=\"Contact form\" novalidate=\"novalidate\" data-status=\"init\">\n<fieldset class=\"hidden-fields-container\"><input type=\"hidden\" name=\"_wpcf7\" value=\"1650\" \/><input type=\"hidden\" name=\"_wpcf7_version\" value=\"6.1.5\" \/><input type=\"hidden\" name=\"_wpcf7_locale\" value=\"en_US\" \/><input type=\"hidden\" name=\"_wpcf7_unit_tag\" value=\"wpcf7-f1650-o1\" \/><input type=\"hidden\" name=\"_wpcf7_container_post\" value=\"0\" \/><input type=\"hidden\" name=\"_wpcf7_posted_data_hash\" value=\"\" \/><input type=\"hidden\" name=\"_wpcf7_recaptcha_response\" value=\"\" \/>\n<\/fieldset>\n<div class=\"call-back\">\n\t<div class=\"row\">\n\t\t<div class=\"col-sm-12 col-lg-6\">\n\t\t\t<p><span class=\"wpcf7-form-control-wrap\" data-name=\"your-name\"><input size=\"40\" maxlength=\"400\" class=\"wpcf7-form-control wpcf7-text wpcf7-validates-as-required\" aria-required=\"true\" aria-invalid=\"false\" placeholder=\"Nombre\" value=\"\" type=\"text\" name=\"your-name\" \/><\/span>\n\t\t\t<\/p>\n\t\t<\/div>\n\t\t<div class=\"col-sm-12 col-lg-6\">\n\t\t\t<p><span class=\"wpcf7-form-control-wrap\" data-name=\"services\"><select class=\"wpcf7-form-control wpcf7-select wpcf7-validates-as-required\" aria-required=\"true\" aria-invalid=\"false\" name=\"services\"><option value=\"Servicio para Oficina\">Servicio para Oficina<\/option><option value=\"Servicio para Hogar\">Servicio para Hogar<\/option><option value=\"doctor Inmueble\">doctor Inmueble<\/option><option value=\"Reparaciones locativos\">Reparaciones locativos<\/option><option value=\"otros servicios..\">otros servicios..<\/option><\/select><\/span>\n\t\t\t<\/p>\n\t\t<\/div>\n\t<\/div>\n\t<div class=\"row\">\n\t\t<div class=\"col-sm-12 col-lg-6\">\n\t\t\t<p><span class=\"wpcf7-form-control-wrap\" data-name=\"your-phone\"><input size=\"40\" maxlength=\"400\" class=\"wpcf7-form-control wpcf7-tel wpcf7-text wpcf7-validates-as-tel\" aria-invalid=\"false\" placeholder=\"Numero de contacto\" value=\"\" type=\"tel\" name=\"your-phone\" \/><\/span>\n\t\t\t<\/p>\n\t\t<\/div>\n\t\t<div class=\"col-sm-12 col-lg-6\">\n\t\t\t<p><input class=\"wpcf7-form-control wpcf7-submit has-spinner\" type=\"submit\" value=\"Enviar\" \/>\n\t\t\t<\/p>\n\t\t<\/div>\n\t<\/div>\n<\/div><div class=\"wpcf7-response-output\" aria-hidden=\"true\"><\/div>\n<\/form>\n<\/div>\n[\/vc_column][\/vc_row][vc_row css=\u00bb.vc_custom_1536592529592{margin-bottom: 20px !important;}\u00bb][vc_column][vc_single_image image=\u00bb11870&#8243; css=\u00bb.vc_custom_1536592519228{margin-bottom: 0px !important;}\u00bb][\/vc_column][\/vc_row]<\/p>\n<\/section>","protected":false},"excerpt":{"rendered":"<p>Limpiamos, desinfectamos y organizamos las diferentes \u00e1reas de tu hogar.<\/p>\n","protected":false},"author":1,"featured_media":12834,"parent":794,"menu_order":0,"comment_status":"closed","ping_status":"closed","template":"","meta":{"footnotes":""},"class_list":["post-798","page","type-page","status-publish","has-post-thumbnail","hentry"],"acf":[],"yoast_head":"<!-- This site is optimized with the Yoast SEO plugin v27.4 - https:\/\/yoast.com\/product\/yoast-seo-wordpress\/ -->\n<title>Servicio de aseo para hogares - Nic limpieza<\/title>\n<meta name=\"robots\" content=\"index, follow, max-snippet:-1, max-image-preview:large, max-video-preview:-1\" \/>\n<link rel=\"canonical\" href=\"https:\/\/niclimpieza.co\/index.php\/services\/hospitality-cleaning\/\" \/>\n<meta property=\"og:locale\" content=\"es_ES\" \/>\n<meta property=\"og:type\" content=\"article\" \/>\n<meta property=\"og:title\" content=\"Servicio de aseo para hogares - Nic limpieza\" \/>\n<meta property=\"og:description\" content=\"Limpiamos, desinfectamos y organizamos las diferentes \u00e1reas de tu hogar.\" \/>\n<meta property=\"og:url\" content=\"https:\/\/niclimpieza.co\/index.php\/services\/hospitality-cleaning\/\" \/>\n<meta property=\"og:site_name\" content=\"Nic limpieza\" \/>\n<meta property=\"article:modified_time\" content=\"2023-10-08T20:52:55+00:00\" \/>\n<meta property=\"og:image\" content=\"https:\/\/niclimpieza.co\/wp-content\/uploads\/2023\/10\/aseso-hogar_a.png\" \/>\n\t<meta property=\"og:image:width\" content=\"850\" \/>\n\t<meta property=\"og:image:height\" content=\"425\" \/>\n\t<meta property=\"og:image:type\" content=\"image\/png\" \/>\n<meta name=\"twitter:card\" content=\"summary_large_image\" \/>\n<meta name=\"twitter:label1\" content=\"Tiempo de lectura\" \/>\n\t<meta name=\"twitter:data1\" content=\"2 minutos\" \/>\n<script type=\"application\/ld+json\" class=\"yoast-schema-graph\">{\"@context\":\"https:\\\/\\\/schema.org\",\"@graph\":[{\"@type\":\"WebPage\",\"@id\":\"https:\\\/\\\/niclimpieza.co\\\/index.php\\\/services\\\/hospitality-cleaning\\\/\",\"url\":\"https:\\\/\\\/niclimpieza.co\\\/index.php\\\/services\\\/hospitality-cleaning\\\/\",\"name\":\"Servicio de aseo para hogares - Nic limpieza\",\"isPartOf\":{\"@id\":\"https:\\\/\\\/niclimpieza.co\\\/#website\"},\"primaryImageOfPage\":{\"@id\":\"https:\\\/\\\/niclimpieza.co\\\/index.php\\\/services\\\/hospitality-cleaning\\\/#primaryimage\"},\"image\":{\"@id\":\"https:\\\/\\\/niclimpieza.co\\\/index.php\\\/services\\\/hospitality-cleaning\\\/#primaryimage\"},\"thumbnailUrl\":\"https:\\\/\\\/niclimpieza.co\\\/wp-content\\\/uploads\\\/2023\\\/10\\\/aseso-hogar_a.png\",\"datePublished\":\"2016-06-02T17:22:09+00:00\",\"dateModified\":\"2023-10-08T20:52:55+00:00\",\"breadcrumb\":{\"@id\":\"https:\\\/\\\/niclimpieza.co\\\/index.php\\\/services\\\/hospitality-cleaning\\\/#breadcrumb\"},\"inLanguage\":\"es\",\"potentialAction\":[{\"@type\":\"ReadAction\",\"target\":[\"https:\\\/\\\/niclimpieza.co\\\/index.php\\\/services\\\/hospitality-cleaning\\\/\"]}]},{\"@type\":\"ImageObject\",\"inLanguage\":\"es\",\"@id\":\"https:\\\/\\\/niclimpieza.co\\\/index.php\\\/services\\\/hospitality-cleaning\\\/#primaryimage\",\"url\":\"https:\\\/\\\/niclimpieza.co\\\/wp-content\\\/uploads\\\/2023\\\/10\\\/aseso-hogar_a.png\",\"contentUrl\":\"https:\\\/\\\/niclimpieza.co\\\/wp-content\\\/uploads\\\/2023\\\/10\\\/aseso-hogar_a.png\",\"width\":850,\"height\":425},{\"@type\":\"BreadcrumbList\",\"@id\":\"https:\\\/\\\/niclimpieza.co\\\/index.php\\\/services\\\/hospitality-cleaning\\\/#breadcrumb\",\"itemListElement\":[{\"@type\":\"ListItem\",\"position\":1,\"name\":\"Portada\",\"item\":\"https:\\\/\\\/niclimpieza.co\\\/\"},{\"@type\":\"ListItem\",\"position\":2,\"name\":\"Servicios\",\"item\":\"https:\\\/\\\/niclimpieza.co\\\/index.php\\\/services\\\/\"},{\"@type\":\"ListItem\",\"position\":3,\"name\":\"Servicio de aseo para hogares\"}]},{\"@type\":\"WebSite\",\"@id\":\"https:\\\/\\\/niclimpieza.co\\\/#website\",\"url\":\"https:\\\/\\\/niclimpieza.co\\\/\",\"name\":\"Nic limpieza\",\"description\":\"\",\"publisher\":{\"@id\":\"https:\\\/\\\/niclimpieza.co\\\/#organization\"},\"potentialAction\":[{\"@type\":\"SearchAction\",\"target\":{\"@type\":\"EntryPoint\",\"urlTemplate\":\"https:\\\/\\\/niclimpieza.co\\\/?s={search_term_string}\"},\"query-input\":{\"@type\":\"PropertyValueSpecification\",\"valueRequired\":true,\"valueName\":\"search_term_string\"}}],\"inLanguage\":\"es\"},{\"@type\":\"Organization\",\"@id\":\"https:\\\/\\\/niclimpieza.co\\\/#organization\",\"name\":\"Nic limpieza\",\"url\":\"https:\\\/\\\/niclimpieza.co\\\/\",\"logo\":{\"@type\":\"ImageObject\",\"inLanguage\":\"es\",\"@id\":\"https:\\\/\\\/niclimpieza.co\\\/#\\\/schema\\\/logo\\\/image\\\/\",\"url\":\"https:\\\/\\\/www.niclimpieza.co\\\/wp-content\\\/uploads\\\/2023\\\/08\\\/mesa-de-trabajo-13.png\",\"contentUrl\":\"https:\\\/\\\/www.niclimpieza.co\\\/wp-content\\\/uploads\\\/2023\\\/08\\\/mesa-de-trabajo-13.png\",\"width\":193,\"height\":131,\"caption\":\"Nic limpieza\"},\"image\":{\"@id\":\"https:\\\/\\\/niclimpieza.co\\\/#\\\/schema\\\/logo\\\/image\\\/\"}}]}<\/script>\n<!-- \/ Yoast SEO plugin. -->","yoast_head_json":{"title":"Servicio de aseo para hogares - Nic limpieza","robots":{"index":"index","follow":"follow","max-snippet":"max-snippet:-1","max-image-preview":"max-image-preview:large","max-video-preview":"max-video-preview:-1"},"canonical":"https:\/\/niclimpieza.co\/index.php\/services\/hospitality-cleaning\/","og_locale":"es_ES","og_type":"article","og_title":"Servicio de aseo para hogares - Nic limpieza","og_description":"Limpiamos, desinfectamos y organizamos las diferentes \u00e1reas de tu hogar.","og_url":"https:\/\/niclimpieza.co\/index.php\/services\/hospitality-cleaning\/","og_site_name":"Nic limpieza","article_modified_time":"2023-10-08T20:52:55+00:00","og_image":[{"width":850,"height":425,"url":"https:\/\/niclimpieza.co\/wp-content\/uploads\/2023\/10\/aseso-hogar_a.png","type":"image\/png"}],"twitter_card":"summary_large_image","twitter_misc":{"Tiempo de lectura":"2 minutos"},"schema":{"@context":"https:\/\/schema.org","@graph":[{"@type":"WebPage","@id":"https:\/\/niclimpieza.co\/index.php\/services\/hospitality-cleaning\/","url":"https:\/\/niclimpieza.co\/index.php\/services\/hospitality-cleaning\/","name":"Servicio de aseo para hogares - Nic limpieza","isPartOf":{"@id":"https:\/\/niclimpieza.co\/#website"},"primaryImageOfPage":{"@id":"https:\/\/niclimpieza.co\/index.php\/services\/hospitality-cleaning\/#primaryimage"},"image":{"@id":"https:\/\/niclimpieza.co\/index.php\/services\/hospitality-cleaning\/#primaryimage"},"thumbnailUrl":"https:\/\/niclimpieza.co\/wp-content\/uploads\/2023\/10\/aseso-hogar_a.png","datePublished":"2016-06-02T17:22:09+00:00","dateModified":"2023-10-08T20:52:55+00:00","breadcrumb":{"@id":"https:\/\/niclimpieza.co\/index.php\/services\/hospitality-cleaning\/#breadcrumb"},"inLanguage":"es","potentialAction":[{"@type":"ReadAction","target":["https:\/\/niclimpieza.co\/index.php\/services\/hospitality-cleaning\/"]}]},{"@type":"ImageObject","inLanguage":"es","@id":"https:\/\/niclimpieza.co\/index.php\/services\/hospitality-cleaning\/#primaryimage","url":"https:\/\/niclimpieza.co\/wp-content\/uploads\/2023\/10\/aseso-hogar_a.png","contentUrl":"https:\/\/niclimpieza.co\/wp-content\/uploads\/2023\/10\/aseso-hogar_a.png","width":850,"height":425},{"@type":"BreadcrumbList","@id":"https:\/\/niclimpieza.co\/index.php\/services\/hospitality-cleaning\/#breadcrumb","itemListElement":[{"@type":"ListItem","position":1,"name":"Portada","item":"https:\/\/niclimpieza.co\/"},{"@type":"ListItem","position":2,"name":"Servicios","item":"https:\/\/niclimpieza.co\/index.php\/services\/"},{"@type":"ListItem","position":3,"name":"Servicio de aseo para hogares"}]},{"@type":"WebSite","@id":"https:\/\/niclimpieza.co\/#website","url":"https:\/\/niclimpieza.co\/","name":"Nic limpieza","description":"","publisher":{"@id":"https:\/\/niclimpieza.co\/#organization"},"potentialAction":[{"@type":"SearchAction","target":{"@type":"EntryPoint","urlTemplate":"https:\/\/niclimpieza.co\/?s={search_term_string}"},"query-input":{"@type":"PropertyValueSpecification","valueRequired":true,"valueName":"search_term_string"}}],"inLanguage":"es"},{"@type":"Organization","@id":"https:\/\/niclimpieza.co\/#organization","name":"Nic limpieza","url":"https:\/\/niclimpieza.co\/","logo":{"@type":"ImageObject","inLanguage":"es","@id":"https:\/\/niclimpieza.co\/#\/schema\/logo\/image\/","url":"https:\/\/www.niclimpieza.co\/wp-content\/uploads\/2023\/08\/mesa-de-trabajo-13.png","contentUrl":"https:\/\/www.niclimpieza.co\/wp-content\/uploads\/2023\/08\/mesa-de-trabajo-13.png","width":193,"height":131,"caption":"Nic limpieza"},"image":{"@id":"https:\/\/niclimpieza.co\/#\/schema\/logo\/image\/"}}]}},"_links":{"self":[{"href":"https:\/\/niclimpieza.co\/index.php\/wp-json\/wp\/v2\/pages\/798","targetHints":{"allow":["GET"]}}],"collection":[{"href":"https:\/\/niclimpieza.co\/index.php\/wp-json\/wp\/v2\/pages"}],"about":[{"href":"https:\/\/niclimpieza.co\/index.php\/wp-json\/wp\/v2\/types\/page"}],"author":[{"embeddable":true,"href":"https:\/\/niclimpieza.co\/index.php\/wp-json\/wp\/v2\/users\/1"}],"replies":[{"embeddable":true,"href":"https:\/\/niclimpieza.co\/index.php\/wp-json\/wp\/v2\/comments?post=798"}],"version-history":[{"count":14,"href":"https:\/\/niclimpieza.co\/index.php\/wp-json\/wp\/v2\/pages\/798\/revisions"}],"predecessor-version":[{"id":12856,"href":"https:\/\/niclimpieza.co\/index.php\/wp-json\/wp\/v2\/pages\/798\/revisions\/12856"}],"up":[{"embeddable":true,"href":"https:\/\/niclimpieza.co\/index.php\/wp-json\/wp\/v2\/pages\/794"}],"wp:featuredmedia":[{"embeddable":true,"href":"https:\/\/niclimpieza.co\/index.php\/wp-json\/wp\/v2\/media\/12834"}],"wp:attachment":[{"href":"https:\/\/niclimpieza.co\/index.php\/wp-json\/wp\/v2\/media?parent=798"}],"curies":[{"name":"wp","href":"https:\/\/api.w.org\/{rel}","templated":true}]}}