{"id":800,"date":"2016-06-02T17:22:36","date_gmt":"2016-06-02T17:22:36","guid":{"rendered":"http:\/\/qt.dev\/dev\/thecleaner\/?page_id=800"},"modified":"2023-10-08T20:41:53","modified_gmt":"2023-10-08T20:41:53","slug":"office-cleaning","status":"publish","type":"page","link":"https:\/\/niclimpieza.co\/index.php\/services\/office-cleaning\/","title":{"rendered":"Otros servicios"},"content":{"rendered":"<section class=\"wpb-content-wrapper\"><p>[vc_row][vc_column][vc_column_text]<\/p>\n<h2><strong>Mantenimiento locativo y jardiner\u00eda<\/strong><\/h2>\n<p>[\/vc_column_text][vc_column_text]Nos encargamos del mantenimiento locativo el cual\u00a0hace referencia a la instalaci\u00f3n, reparaci\u00f3n, revisi\u00f3n y adecuaci\u00f3n\u00a0seg\u00fan la necesidad del inmueble.\u00a0\u00a0Adem\u00e1s,\u00a0creamos, dise\u00f1amos y cuidamos de jardines residenciales y comerciales.<\/p>\n<h3><strong>\u00bfC\u00f3mo lo hacemos?<\/strong><\/h3>\n<p>Contamos con\u00a0personal experto\u00a0y\u00a0altamente calificado para solucionar\u00a0todos\u00a0los problemas que puedan presentarse, tanto en hogares como en oficinas.<\/p>\n<div><strong>Servicio el\u00e9ctrico<\/strong><\/div>\n<ul>\n<li>Arreglo de corto circuitos.<\/li>\n<li>Cambio de l\u00e1mparas y luminarias.<\/li>\n<li>Cambio interruptores o tomas.<\/li>\n<li>Mantenimiento de tableros el\u00e9ctricos.<\/li>\n<li>Cableado en general.<\/li>\n<\/ul>\n<div><strong>Servicio de plomer\u00eda<\/strong><\/div>\n<ul>\n<li>Instalaci\u00f3n de grifer\u00eda y desag\u00fces.<\/li>\n<li>Destape de ca\u00f1er\u00edas.<\/li>\n<li>Limpieza de tuber\u00edas.<\/li>\n<li>Fugas o filtraciones de agua.<\/li>\n<\/ul>\n<div><strong>Servicio de pintura en\u00a0<\/strong><strong>interiores y exteriores<\/strong><\/div>\n<p>&#8211; Pintado de paredes y fachadas.<br \/>\n&#8211; Resane de paredes maltratas.<br \/>\n&#8211; Impermeabilizaci\u00f3n.<\/p>\n<div><strong>Lavado de tapetes y muebles<\/strong><\/div>\n<p>Realizamos limpieza profunda de tapetes, alfombras y muebles utilizando equipos con tecnolog\u00eda de punta y productos de alta calidad.<\/p>\n<div><strong>Lavado y desinfecci\u00f3n de colchones<\/strong><\/div>\n<p>Nos encargamos de la limpieza y desodorizaci\u00f3n de colchones, eliminando \u00e1caros, bacterias, hongos y malos olores. Garantizamos una limpieza eficaz y un secado extra r\u00e1pido.[\/vc_column_text][\/vc_column][\/vc_row][vc_row css=\u00bb.vc_custom_1536592606318{margin-bottom: 20px !important;}\u00bb][vc_column][vc_single_image image=\u00bb12759&#8243; alignment=\u00bbcenter\u00bb][vc_single_image image=\u00bb11870&#8243; css=\u00bb.vc_custom_1536592603019{margin-bottom: 0px !important;}\u00bb][\/vc_column][\/vc_row][vc_row][vc_column][vc_column_text css=\u00bb.vc_custom_1696793740888{margin-bottom: 20px !important;}\u00bb]<\/p>\n<h2>\u00bfTienes un requerimiento en particular?<\/h2>\n<p>[\/vc_column_text][\/vc_column][\/vc_row][vc_row css=\u00bb.vc_custom_1536592610826{margin-right: 0px !important;margin-bottom: 30px !important;margin-left: 0px !important;border-top-width: 1px !important;border-right-width: 1px !important;border-bottom-width: 1px !important;border-left-width: 1px !important;padding-top: 20px !important;padding-right: 25px !important;padding-bottom: 40px !important;padding-left: 25px !important;background: #f5f7fb url(https:\/\/thekleaner.qreativethemes.com\/wp-content\/uploads\/sites\/2\/2018\/06\/dots.png?id=11041) !important;background-position: center !important;background-repeat: no-repeat !important;background-size: cover !important;border-left-color: #f0f3f8 !important;border-left-style: solid !important;border-right-color: #f0f3f8 !important;border-right-style: solid !important;border-top-color: #f0f3f8 !important;border-top-style: solid !important;border-bottom-color: #f0f3f8 !important;border-bottom-style: solid !important;}\u00bb][vc_column css=\u00bb.vc_custom_1494255877376{padding-top: 0px !important;}\u00bb]\n<div class=\"wpcf7 no-js\" id=\"wpcf7-f1650-o1\" lang=\"en-US\" dir=\"ltr\" data-wpcf7-id=\"1650\">\n<div class=\"screen-reader-response\"><p role=\"status\" aria-live=\"polite\" aria-atomic=\"true\"><\/p> <ul><\/ul><\/div>\n<form action=\"\/index.php\/wp-json\/wp\/v2\/pages\/800#wpcf7-f1650-o1\" method=\"post\" class=\"wpcf7-form init\" aria-label=\"Contact form\" novalidate=\"novalidate\" data-status=\"init\">\n<fieldset class=\"hidden-fields-container\"><input type=\"hidden\" name=\"_wpcf7\" value=\"1650\" \/><input type=\"hidden\" name=\"_wpcf7_version\" value=\"6.1.5\" \/><input type=\"hidden\" name=\"_wpcf7_locale\" value=\"en_US\" \/><input type=\"hidden\" name=\"_wpcf7_unit_tag\" value=\"wpcf7-f1650-o1\" \/><input type=\"hidden\" name=\"_wpcf7_container_post\" value=\"0\" \/><input type=\"hidden\" name=\"_wpcf7_posted_data_hash\" value=\"\" \/><input type=\"hidden\" name=\"_wpcf7_recaptcha_response\" value=\"\" \/>\n<\/fieldset>\n<div class=\"call-back\">\n\t<div class=\"row\">\n\t\t<div class=\"col-sm-12 col-lg-6\">\n\t\t\t<p><span class=\"wpcf7-form-control-wrap\" data-name=\"your-name\"><input size=\"40\" maxlength=\"400\" class=\"wpcf7-form-control wpcf7-text wpcf7-validates-as-required\" aria-required=\"true\" aria-invalid=\"false\" placeholder=\"Nombre\" value=\"\" type=\"text\" name=\"your-name\" \/><\/span>\n\t\t\t<\/p>\n\t\t<\/div>\n\t\t<div class=\"col-sm-12 col-lg-6\">\n\t\t\t<p><span class=\"wpcf7-form-control-wrap\" data-name=\"services\"><select class=\"wpcf7-form-control wpcf7-select wpcf7-validates-as-required\" aria-required=\"true\" aria-invalid=\"false\" name=\"services\"><option value=\"Servicio para Oficina\">Servicio para Oficina<\/option><option value=\"Servicio para Hogar\">Servicio para Hogar<\/option><option value=\"doctor Inmueble\">doctor Inmueble<\/option><option value=\"Reparaciones locativos\">Reparaciones locativos<\/option><option value=\"otros servicios..\">otros servicios..<\/option><\/select><\/span>\n\t\t\t<\/p>\n\t\t<\/div>\n\t<\/div>\n\t<div class=\"row\">\n\t\t<div class=\"col-sm-12 col-lg-6\">\n\t\t\t<p><span class=\"wpcf7-form-control-wrap\" data-name=\"your-phone\"><input size=\"40\" maxlength=\"400\" class=\"wpcf7-form-control wpcf7-tel wpcf7-text wpcf7-validates-as-tel\" aria-invalid=\"false\" placeholder=\"Numero de contacto\" value=\"\" type=\"tel\" name=\"your-phone\" \/><\/span>\n\t\t\t<\/p>\n\t\t<\/div>\n\t\t<div class=\"col-sm-12 col-lg-6\">\n\t\t\t<p><input class=\"wpcf7-form-control wpcf7-submit has-spinner\" type=\"submit\" value=\"Enviar\" \/>\n\t\t\t<\/p>\n\t\t<\/div>\n\t<\/div>\n<\/div><div class=\"wpcf7-response-output\" aria-hidden=\"true\"><\/div>\n<\/form>\n<\/div>\n[\/vc_column][\/vc_row][vc_row css=\u00bb.vc_custom_1536592621608{margin-bottom: 20px !important;}\u00bb][vc_column][vc_single_image image=\u00bb11870&#8243; css=\u00bb.vc_custom_1536592603019{margin-bottom: 0px !important;}\u00bb][\/vc_column][\/vc_row]<\/p>\n<\/section>","protected":false},"excerpt":{"rendered":"<p>te acompa\u00f1amos a mercar y organizar el mercado, paseamos tu mascota.<\/p>\n","protected":false},"author":1,"featured_media":12844,"parent":794,"menu_order":0,"comment_status":"closed","ping_status":"closed","template":"","meta":{"footnotes":""},"class_list":["post-800","page","type-page","status-publish","has-post-thumbnail","hentry"],"acf":[],"yoast_head":"<!-- This site is optimized with the Yoast SEO plugin v27.5 - https:\/\/yoast.com\/product\/yoast-seo-wordpress\/ -->\n<title>Otros servicios - Nic limpieza<\/title>\n<meta name=\"robots\" content=\"index, follow, max-snippet:-1, max-image-preview:large, max-video-preview:-1\" \/>\n<link rel=\"canonical\" href=\"https:\/\/niclimpieza.co\/index.php\/services\/office-cleaning\/\" \/>\n<meta property=\"og:locale\" content=\"es_ES\" \/>\n<meta property=\"og:type\" content=\"article\" \/>\n<meta property=\"og:title\" content=\"Otros servicios - Nic limpieza\" \/>\n<meta property=\"og:description\" content=\"te acompa\u00f1amos a mercar y organizar el mercado, paseamos tu mascota.\" \/>\n<meta property=\"og:url\" content=\"https:\/\/niclimpieza.co\/index.php\/services\/office-cleaning\/\" \/>\n<meta property=\"og:site_name\" content=\"Nic limpieza\" \/>\n<meta property=\"article:modified_time\" content=\"2023-10-08T20:41:53+00:00\" \/>\n<meta property=\"og:image\" content=\"https:\/\/niclimpieza.co\/wp-content\/uploads\/2023\/10\/aseso-otros_a.png\" \/>\n\t<meta property=\"og:image:width\" content=\"850\" \/>\n\t<meta property=\"og:image:height\" content=\"425\" \/>\n\t<meta property=\"og:image:type\" content=\"image\/png\" \/>\n<meta name=\"twitter:card\" content=\"summary_large_image\" \/>\n<meta name=\"twitter:label1\" content=\"Tiempo de lectura\" \/>\n\t<meta name=\"twitter:data1\" content=\"2 minutos\" \/>\n<script type=\"application\/ld+json\" class=\"yoast-schema-graph\">{\"@context\":\"https:\\\/\\\/schema.org\",\"@graph\":[{\"@type\":\"WebPage\",\"@id\":\"https:\\\/\\\/niclimpieza.co\\\/index.php\\\/services\\\/office-cleaning\\\/\",\"url\":\"https:\\\/\\\/niclimpieza.co\\\/index.php\\\/services\\\/office-cleaning\\\/\",\"name\":\"Otros servicios - Nic limpieza\",\"isPartOf\":{\"@id\":\"https:\\\/\\\/niclimpieza.co\\\/#website\"},\"primaryImageOfPage\":{\"@id\":\"https:\\\/\\\/niclimpieza.co\\\/index.php\\\/services\\\/office-cleaning\\\/#primaryimage\"},\"image\":{\"@id\":\"https:\\\/\\\/niclimpieza.co\\\/index.php\\\/services\\\/office-cleaning\\\/#primaryimage\"},\"thumbnailUrl\":\"https:\\\/\\\/niclimpieza.co\\\/wp-content\\\/uploads\\\/2023\\\/10\\\/aseso-otros_a.png\",\"datePublished\":\"2016-06-02T17:22:36+00:00\",\"dateModified\":\"2023-10-08T20:41:53+00:00\",\"breadcrumb\":{\"@id\":\"https:\\\/\\\/niclimpieza.co\\\/index.php\\\/services\\\/office-cleaning\\\/#breadcrumb\"},\"inLanguage\":\"es\",\"potentialAction\":[{\"@type\":\"ReadAction\",\"target\":[\"https:\\\/\\\/niclimpieza.co\\\/index.php\\\/services\\\/office-cleaning\\\/\"]}]},{\"@type\":\"ImageObject\",\"inLanguage\":\"es\",\"@id\":\"https:\\\/\\\/niclimpieza.co\\\/index.php\\\/services\\\/office-cleaning\\\/#primaryimage\",\"url\":\"https:\\\/\\\/niclimpieza.co\\\/wp-content\\\/uploads\\\/2023\\\/10\\\/aseso-otros_a.png\",\"contentUrl\":\"https:\\\/\\\/niclimpieza.co\\\/wp-content\\\/uploads\\\/2023\\\/10\\\/aseso-otros_a.png\",\"width\":850,\"height\":425},{\"@type\":\"BreadcrumbList\",\"@id\":\"https:\\\/\\\/niclimpieza.co\\\/index.php\\\/services\\\/office-cleaning\\\/#breadcrumb\",\"itemListElement\":[{\"@type\":\"ListItem\",\"position\":1,\"name\":\"Portada\",\"item\":\"https:\\\/\\\/niclimpieza.co\\\/\"},{\"@type\":\"ListItem\",\"position\":2,\"name\":\"Servicios\",\"item\":\"https:\\\/\\\/niclimpieza.co\\\/index.php\\\/services\\\/\"},{\"@type\":\"ListItem\",\"position\":3,\"name\":\"Otros servicios\"}]},{\"@type\":\"WebSite\",\"@id\":\"https:\\\/\\\/niclimpieza.co\\\/#website\",\"url\":\"https:\\\/\\\/niclimpieza.co\\\/\",\"name\":\"Nic limpieza\",\"description\":\"\",\"publisher\":{\"@id\":\"https:\\\/\\\/niclimpieza.co\\\/#organization\"},\"potentialAction\":[{\"@type\":\"SearchAction\",\"target\":{\"@type\":\"EntryPoint\",\"urlTemplate\":\"https:\\\/\\\/niclimpieza.co\\\/?s={search_term_string}\"},\"query-input\":{\"@type\":\"PropertyValueSpecification\",\"valueRequired\":true,\"valueName\":\"search_term_string\"}}],\"inLanguage\":\"es\"},{\"@type\":\"Organization\",\"@id\":\"https:\\\/\\\/niclimpieza.co\\\/#organization\",\"name\":\"Nic limpieza\",\"url\":\"https:\\\/\\\/niclimpieza.co\\\/\",\"logo\":{\"@type\":\"ImageObject\",\"inLanguage\":\"es\",\"@id\":\"https:\\\/\\\/niclimpieza.co\\\/#\\\/schema\\\/logo\\\/image\\\/\",\"url\":\"https:\\\/\\\/www.niclimpieza.co\\\/wp-content\\\/uploads\\\/2023\\\/08\\\/mesa-de-trabajo-13.png\",\"contentUrl\":\"https:\\\/\\\/www.niclimpieza.co\\\/wp-content\\\/uploads\\\/2023\\\/08\\\/mesa-de-trabajo-13.png\",\"width\":193,\"height\":131,\"caption\":\"Nic limpieza\"},\"image\":{\"@id\":\"https:\\\/\\\/niclimpieza.co\\\/#\\\/schema\\\/logo\\\/image\\\/\"}}]}<\/script>\n<!-- \/ Yoast SEO plugin. -->","yoast_head_json":{"title":"Otros servicios - Nic limpieza","robots":{"index":"index","follow":"follow","max-snippet":"max-snippet:-1","max-image-preview":"max-image-preview:large","max-video-preview":"max-video-preview:-1"},"canonical":"https:\/\/niclimpieza.co\/index.php\/services\/office-cleaning\/","og_locale":"es_ES","og_type":"article","og_title":"Otros servicios - Nic limpieza","og_description":"te acompa\u00f1amos a mercar y organizar el mercado, paseamos tu mascota.","og_url":"https:\/\/niclimpieza.co\/index.php\/services\/office-cleaning\/","og_site_name":"Nic limpieza","article_modified_time":"2023-10-08T20:41:53+00:00","og_image":[{"width":850,"height":425,"url":"https:\/\/niclimpieza.co\/wp-content\/uploads\/2023\/10\/aseso-otros_a.png","type":"image\/png"}],"twitter_card":"summary_large_image","twitter_misc":{"Tiempo de lectura":"2 minutos"},"schema":{"@context":"https:\/\/schema.org","@graph":[{"@type":"WebPage","@id":"https:\/\/niclimpieza.co\/index.php\/services\/office-cleaning\/","url":"https:\/\/niclimpieza.co\/index.php\/services\/office-cleaning\/","name":"Otros servicios - Nic limpieza","isPartOf":{"@id":"https:\/\/niclimpieza.co\/#website"},"primaryImageOfPage":{"@id":"https:\/\/niclimpieza.co\/index.php\/services\/office-cleaning\/#primaryimage"},"image":{"@id":"https:\/\/niclimpieza.co\/index.php\/services\/office-cleaning\/#primaryimage"},"thumbnailUrl":"https:\/\/niclimpieza.co\/wp-content\/uploads\/2023\/10\/aseso-otros_a.png","datePublished":"2016-06-02T17:22:36+00:00","dateModified":"2023-10-08T20:41:53+00:00","breadcrumb":{"@id":"https:\/\/niclimpieza.co\/index.php\/services\/office-cleaning\/#breadcrumb"},"inLanguage":"es","potentialAction":[{"@type":"ReadAction","target":["https:\/\/niclimpieza.co\/index.php\/services\/office-cleaning\/"]}]},{"@type":"ImageObject","inLanguage":"es","@id":"https:\/\/niclimpieza.co\/index.php\/services\/office-cleaning\/#primaryimage","url":"https:\/\/niclimpieza.co\/wp-content\/uploads\/2023\/10\/aseso-otros_a.png","contentUrl":"https:\/\/niclimpieza.co\/wp-content\/uploads\/2023\/10\/aseso-otros_a.png","width":850,"height":425},{"@type":"BreadcrumbList","@id":"https:\/\/niclimpieza.co\/index.php\/services\/office-cleaning\/#breadcrumb","itemListElement":[{"@type":"ListItem","position":1,"name":"Portada","item":"https:\/\/niclimpieza.co\/"},{"@type":"ListItem","position":2,"name":"Servicios","item":"https:\/\/niclimpieza.co\/index.php\/services\/"},{"@type":"ListItem","position":3,"name":"Otros servicios"}]},{"@type":"WebSite","@id":"https:\/\/niclimpieza.co\/#website","url":"https:\/\/niclimpieza.co\/","name":"Nic limpieza","description":"","publisher":{"@id":"https:\/\/niclimpieza.co\/#organization"},"potentialAction":[{"@type":"SearchAction","target":{"@type":"EntryPoint","urlTemplate":"https:\/\/niclimpieza.co\/?s={search_term_string}"},"query-input":{"@type":"PropertyValueSpecification","valueRequired":true,"valueName":"search_term_string"}}],"inLanguage":"es"},{"@type":"Organization","@id":"https:\/\/niclimpieza.co\/#organization","name":"Nic limpieza","url":"https:\/\/niclimpieza.co\/","logo":{"@type":"ImageObject","inLanguage":"es","@id":"https:\/\/niclimpieza.co\/#\/schema\/logo\/image\/","url":"https:\/\/www.niclimpieza.co\/wp-content\/uploads\/2023\/08\/mesa-de-trabajo-13.png","contentUrl":"https:\/\/www.niclimpieza.co\/wp-content\/uploads\/2023\/08\/mesa-de-trabajo-13.png","width":193,"height":131,"caption":"Nic limpieza"},"image":{"@id":"https:\/\/niclimpieza.co\/#\/schema\/logo\/image\/"}}]}},"_links":{"self":[{"href":"https:\/\/niclimpieza.co\/index.php\/wp-json\/wp\/v2\/pages\/800","targetHints":{"allow":["GET"]}}],"collection":[{"href":"https:\/\/niclimpieza.co\/index.php\/wp-json\/wp\/v2\/pages"}],"about":[{"href":"https:\/\/niclimpieza.co\/index.php\/wp-json\/wp\/v2\/types\/page"}],"author":[{"embeddable":true,"href":"https:\/\/niclimpieza.co\/index.php\/wp-json\/wp\/v2\/users\/1"}],"replies":[{"embeddable":true,"href":"https:\/\/niclimpieza.co\/index.php\/wp-json\/wp\/v2\/comments?post=800"}],"version-history":[{"count":9,"href":"https:\/\/niclimpieza.co\/index.php\/wp-json\/wp\/v2\/pages\/800\/revisions"}],"predecessor-version":[{"id":12852,"href":"https:\/\/niclimpieza.co\/index.php\/wp-json\/wp\/v2\/pages\/800\/revisions\/12852"}],"up":[{"embeddable":true,"href":"https:\/\/niclimpieza.co\/index.php\/wp-json\/wp\/v2\/pages\/794"}],"wp:featuredmedia":[{"embeddable":true,"href":"https:\/\/niclimpieza.co\/index.php\/wp-json\/wp\/v2\/media\/12844"}],"wp:attachment":[{"href":"https:\/\/niclimpieza.co\/index.php\/wp-json\/wp\/v2\/media?parent=800"}],"curies":[{"name":"wp","href":"https:\/\/api.w.org\/{rel}","templated":true}]}}