{"id":891,"date":"2016-06-06T16:08:04","date_gmt":"2016-06-06T16:08:04","guid":{"rendered":"http:\/\/qt.dev\/dev\/thecleaner\/?page_id=891"},"modified":"2024-06-17T20:42:55","modified_gmt":"2024-06-17T20:42:55","slug":"contact-us","status":"publish","type":"page","link":"https:\/\/niclimpieza.co\/index.php\/contact-us\/","title":{"rendered":"Cont\u00e1ctenos"},"content":{"rendered":"<section class=\"wpb-content-wrapper\"><p>[vc_row gap=\u00bb15&#8243; css=\u00bb.vc_custom_1537270397615{margin-bottom: -10px !important;}\u00bb][vc_column width=\u00bb1\/2&#8243;][vc_column_text css=\u00bb.vc_custom_1696813244243{margin-bottom: 40px !important;}\u00bb]<\/p>\n<h2>Cont\u00e1ctenos<\/h2>\n<p>Sabemos que tienes necesidades y expectativas \u00fanicas. Por eso vamos m\u00e1s all\u00e1<br \/>\ndel\u00a0<strong><em>aseo y la limpieza.<\/em><\/strong>[\/vc_column_text]\n<div class=\"wpcf7 no-js\" id=\"wpcf7-f1649-o1\" lang=\"en-US\" dir=\"ltr\" data-wpcf7-id=\"1649\">\n<div class=\"screen-reader-response\"><p role=\"status\" aria-live=\"polite\" aria-atomic=\"true\"><\/p> <ul><\/ul><\/div>\n<form action=\"\/index.php\/wp-json\/wp\/v2\/pages\/891#wpcf7-f1649-o1\" method=\"post\" class=\"wpcf7-form init\" aria-label=\"Contact form\" novalidate=\"novalidate\" data-status=\"init\">\n<fieldset class=\"hidden-fields-container\"><input type=\"hidden\" name=\"_wpcf7\" value=\"1649\" \/><input type=\"hidden\" name=\"_wpcf7_version\" value=\"6.1.5\" \/><input type=\"hidden\" name=\"_wpcf7_locale\" value=\"en_US\" \/><input type=\"hidden\" name=\"_wpcf7_unit_tag\" value=\"wpcf7-f1649-o1\" \/><input type=\"hidden\" name=\"_wpcf7_container_post\" value=\"0\" \/><input type=\"hidden\" name=\"_wpcf7_posted_data_hash\" value=\"\" \/><input type=\"hidden\" name=\"_wpcf7_recaptcha_response\" value=\"\" \/>\n<\/fieldset>\n<div class=\"row\">\n\t<div class=\"col-sm-12 col-lg-6\">\n\t\t<p>Nombres y Apellidos<br \/>\n<span class=\"wpcf7-form-control-wrap\" data-name=\"your-name\"><input size=\"40\" maxlength=\"400\" class=\"wpcf7-form-control wpcf7-text wpcf7-validates-as-required\" aria-required=\"true\" aria-invalid=\"false\" placeholder=\"Nombres*\" value=\"\" type=\"text\" name=\"your-name\" \/><\/span>\n\t\t<\/p>\n\t<\/div>\n\t<div class=\"col-sm-12 col-lg-6\">\n\t\t<p>Email<br \/>\n<span class=\"wpcf7-form-control-wrap\" data-name=\"your-email\"><input size=\"40\" maxlength=\"400\" class=\"wpcf7-form-control wpcf7-email wpcf7-validates-as-required wpcf7-text wpcf7-validates-as-email\" aria-required=\"true\" aria-invalid=\"false\" placeholder=\"Email *\" value=\"\" type=\"email\" name=\"your-email\" \/><\/span>\n\t\t<\/p>\n\t<\/div>\n\t<div class=\"col-sm-12 col-lg-6\">\n\t\t<p>Tel\u00e9fono (required)<br \/>\n<span class=\"wpcf7-form-control-wrap\" data-name=\"phone-number\"><input size=\"40\" maxlength=\"400\" class=\"wpcf7-form-control wpcf7-tel wpcf7-text wpcf7-validates-as-tel\" aria-invalid=\"false\" placeholder=\"tel\u00e9fono *\" value=\"\" type=\"tel\" name=\"phone-number\" \/><\/span>\n\t\t<\/p>\n\t<\/div>\n\t<div class=\"col-sm-12 col-lg-6\">\n\t\t<p>Asunto<br \/>\n<span class=\"wpcf7-form-control-wrap\" data-name=\"your-subject\"><input size=\"40\" maxlength=\"400\" class=\"wpcf7-form-control wpcf7-text\" aria-invalid=\"false\" value=\"\" type=\"text\" name=\"your-subject\" \/><\/span>\n\t\t<\/p>\n\t<\/div>\n\t<div class=\"col-sm-12\">\n\t\t<p>mensaje<br \/>\n<span class=\"wpcf7-form-control-wrap\" data-name=\"your-message\"><textarea cols=\"40\" rows=\"10\" maxlength=\"2000\" class=\"wpcf7-form-control wpcf7-textarea wpcf7-validates-as-required\" aria-required=\"true\" aria-invalid=\"false\" placeholder=\"escriba su mensaje\" name=\"your-message\"><\/textarea><\/span>\n\t\t<input class=\"wpcf7-form-control wpcf7-submit has-spinner btn btn-primary\" type=\"submit\" value=\"Enviar\" \/>\n\t\t<\/p>\n\t<\/div>\n<\/div><div class=\"wpcf7-response-output\" aria-hidden=\"true\"><\/div>\n<\/form>\n<\/div>\n[\/vc_column][vc_column width=\u00bb1\/2&#8243;][vc_column_text css=\u00bb.vc_custom_1696813412412{margin-bottom: 27px !important;}\u00bb]<\/p>\n<h2>Nuestra Ubicaci\u00f3n<\/h2>\n<p>[\/vc_column_text][qt_google_maps_iframe maps_address=\u00bbNic limpieza\u00bb maps_zoom=\u00bb15&#8243; maps_width_unit=\u00bbpercentage\u00bb maps_height=\u00bb300&#8243; css=\u00bb.vc_custom_1701987485264{margin-bottom: 55px !important;}\u00bb][vc_row_inner equal_height=\u00bbyes\u00bb][vc_column_inner width=\u00bb1\/2&#8243; offset=\u00bbvc_col-lg-6 vc_col-md-6 vc_col-xs-12&#8243; css=\u00bb.vc_custom_1506016977818{margin-bottom: 20px !important;}\u00bb][vc_column_text]<\/p>\n<h3>Direcci\u00f3n<\/h3>\n<p>Av. Am\u00e9ricas # 69F &#8211; 29<br \/>\nBogot\u00e1, Colombia[\/vc_column_text][qt_social facebook=\u00bb#\u00bb twitter=\u00bb#\u00bb google_plus=\u00bb#\u00bb linkedin=\u00bb#\u00bb][\/vc_column_inner][vc_column_inner width=\u00bb1\/2&#8243; offset=\u00bbvc_col-lg-6 vc_col-md-6 vc_col-xs-12&#8243;][vc_column_text]<\/p>\n<h3>Contacto<\/h3>\n<div>\n<div>+ 57 322 514 7142<\/div>\n<div>+57 310 542 27 49<\/div>\n<div>\u00a0(601) 716 4814<\/div>\n<div><a href=\"mailto:lorent@niclimpieza.co\" target=\"_blank\" rel=\"noopener\">lorent@niclimpieza.co<\/a><\/div>\n<div><a href=\"mailto:comercial1@niclimpieza.co\">comercial1@niclimpieza.co<\/a><\/div>\n<div><\/div>\n<div><\/div>\n<\/div>\n<p>[\/vc_column_text][\/vc_column_inner][\/vc_row_inner][\/vc_column][\/vc_row]<\/p>\n<\/section>","protected":false},"excerpt":{"rendered":"<p>[vc_row gap=\u00bb15&#8243; css=\u00bb.vc_custom_1537270397615{margin-bottom: -10px !important;}\u00bb][vc_column width=\u00bb1\/2&#8243;][vc_column_text css=\u00bb.vc_custom_1696813244243{margin-bottom: 40px !important;}\u00bb] Cont\u00e1ctenos Sabemos que tienes necesidades y expectativas \u00fanicas. Por eso vamos m\u00e1s all\u00e1 del\u00a0aseo y la limpieza.[\/vc_column_text][\/vc_column][vc_column width=\u00bb1\/2&#8243;][vc_column_text css=\u00bb.vc_custom_1696813412412{margin-bottom: 27px !important;}\u00bb] Nuestra Ubicaci\u00f3n [\/vc_column_text][qt_google_maps_iframe maps_address=\u00bbNic limpieza\u00bb maps_zoom=\u00bb15&#8243; maps_width_unit=\u00bbpercentage\u00bb maps_height=\u00bb300&#8243; css=\u00bb.vc_custom_1701987485264{margin-bottom: 55px !important;}\u00bb][vc_row_inner equal_height=\u00bbyes\u00bb][vc_column_inner width=\u00bb1\/2&#8243; offset=\u00bbvc_col-lg-6 vc_col-md-6 vc_col-xs-12&#8243; css=\u00bb.vc_custom_1506016977818{margin-bottom: 20px !important;}\u00bb][vc_column_text] Direcci\u00f3n Av. Am\u00e9ricas # 69F &#8211;&hellip;<\/p>\n","protected":false},"author":1,"featured_media":0,"parent":0,"menu_order":0,"comment_status":"closed","ping_status":"closed","template":"","meta":{"footnotes":""},"class_list":["post-891","page","type-page","status-publish","hentry"],"acf":[],"yoast_head":"<!-- This site is optimized with the Yoast SEO plugin v27.4 - https:\/\/yoast.com\/product\/yoast-seo-wordpress\/ -->\n<title>Cont\u00e1ctenos - Nic limpieza<\/title>\n<meta name=\"robots\" content=\"index, follow, max-snippet:-1, max-image-preview:large, max-video-preview:-1\" \/>\n<link rel=\"canonical\" href=\"https:\/\/niclimpieza.co\/index.php\/contact-us\/\" \/>\n<meta property=\"og:locale\" content=\"es_ES\" \/>\n<meta property=\"og:type\" content=\"article\" \/>\n<meta property=\"og:title\" content=\"Cont\u00e1ctenos - Nic limpieza\" \/>\n<meta property=\"og:description\" content=\"[vc_row gap=\u00bb15&#8243; css=\u00bb.vc_custom_1537270397615{margin-bottom: -10px !important;}\u00bb][vc_column width=\u00bb1\/2&#8243;][vc_column_text css=\u00bb.vc_custom_1696813244243{margin-bottom: 40px !important;}\u00bb] Cont\u00e1ctenos Sabemos que tienes necesidades y expectativas \u00fanicas. Por eso vamos m\u00e1s all\u00e1 del\u00a0aseo y la limpieza.[\/vc_column_text][\/vc_column][vc_column width=\u00bb1\/2&#8243;][vc_column_text css=\u00bb.vc_custom_1696813412412{margin-bottom: 27px !important;}\u00bb] Nuestra Ubicaci\u00f3n [\/vc_column_text][qt_google_maps_iframe maps_address=\u00bbNic limpieza\u00bb maps_zoom=\u00bb15&#8243; maps_width_unit=\u00bbpercentage\u00bb maps_height=\u00bb300&#8243; css=\u00bb.vc_custom_1701987485264{margin-bottom: 55px !important;}\u00bb][vc_row_inner equal_height=\u00bbyes\u00bb][vc_column_inner width=\u00bb1\/2&#8243; offset=\u00bbvc_col-lg-6 vc_col-md-6 vc_col-xs-12&#8243; css=\u00bb.vc_custom_1506016977818{margin-bottom: 20px !important;}\u00bb][vc_column_text] Direcci\u00f3n Av. Am\u00e9ricas # 69F &#8211;&hellip;\" \/>\n<meta property=\"og:url\" content=\"https:\/\/niclimpieza.co\/index.php\/contact-us\/\" \/>\n<meta property=\"og:site_name\" content=\"Nic limpieza\" \/>\n<meta property=\"article:modified_time\" content=\"2024-06-17T20:42:55+00:00\" \/>\n<meta name=\"twitter:card\" content=\"summary_large_image\" \/>\n<meta name=\"twitter:label1\" content=\"Tiempo de lectura\" \/>\n\t<meta name=\"twitter:data1\" content=\"1 minuto\" \/>\n<script type=\"application\/ld+json\" class=\"yoast-schema-graph\">{\"@context\":\"https:\\\/\\\/schema.org\",\"@graph\":[{\"@type\":\"WebPage\",\"@id\":\"https:\\\/\\\/niclimpieza.co\\\/index.php\\\/contact-us\\\/\",\"url\":\"https:\\\/\\\/niclimpieza.co\\\/index.php\\\/contact-us\\\/\",\"name\":\"Cont\u00e1ctenos - Nic limpieza\",\"isPartOf\":{\"@id\":\"https:\\\/\\\/niclimpieza.co\\\/#website\"},\"datePublished\":\"2016-06-06T16:08:04+00:00\",\"dateModified\":\"2024-06-17T20:42:55+00:00\",\"breadcrumb\":{\"@id\":\"https:\\\/\\\/niclimpieza.co\\\/index.php\\\/contact-us\\\/#breadcrumb\"},\"inLanguage\":\"es\",\"potentialAction\":[{\"@type\":\"ReadAction\",\"target\":[\"https:\\\/\\\/niclimpieza.co\\\/index.php\\\/contact-us\\\/\"]}]},{\"@type\":\"BreadcrumbList\",\"@id\":\"https:\\\/\\\/niclimpieza.co\\\/index.php\\\/contact-us\\\/#breadcrumb\",\"itemListElement\":[{\"@type\":\"ListItem\",\"position\":1,\"name\":\"Portada\",\"item\":\"https:\\\/\\\/niclimpieza.co\\\/\"},{\"@type\":\"ListItem\",\"position\":2,\"name\":\"Cont\u00e1ctenos\"}]},{\"@type\":\"WebSite\",\"@id\":\"https:\\\/\\\/niclimpieza.co\\\/#website\",\"url\":\"https:\\\/\\\/niclimpieza.co\\\/\",\"name\":\"Nic limpieza\",\"description\":\"\",\"publisher\":{\"@id\":\"https:\\\/\\\/niclimpieza.co\\\/#organization\"},\"potentialAction\":[{\"@type\":\"SearchAction\",\"target\":{\"@type\":\"EntryPoint\",\"urlTemplate\":\"https:\\\/\\\/niclimpieza.co\\\/?s={search_term_string}\"},\"query-input\":{\"@type\":\"PropertyValueSpecification\",\"valueRequired\":true,\"valueName\":\"search_term_string\"}}],\"inLanguage\":\"es\"},{\"@type\":\"Organization\",\"@id\":\"https:\\\/\\\/niclimpieza.co\\\/#organization\",\"name\":\"Nic limpieza\",\"url\":\"https:\\\/\\\/niclimpieza.co\\\/\",\"logo\":{\"@type\":\"ImageObject\",\"inLanguage\":\"es\",\"@id\":\"https:\\\/\\\/niclimpieza.co\\\/#\\\/schema\\\/logo\\\/image\\\/\",\"url\":\"https:\\\/\\\/www.niclimpieza.co\\\/wp-content\\\/uploads\\\/2023\\\/08\\\/mesa-de-trabajo-13.png\",\"contentUrl\":\"https:\\\/\\\/www.niclimpieza.co\\\/wp-content\\\/uploads\\\/2023\\\/08\\\/mesa-de-trabajo-13.png\",\"width\":193,\"height\":131,\"caption\":\"Nic limpieza\"},\"image\":{\"@id\":\"https:\\\/\\\/niclimpieza.co\\\/#\\\/schema\\\/logo\\\/image\\\/\"}}]}<\/script>\n<!-- \/ Yoast SEO plugin. -->","yoast_head_json":{"title":"Cont\u00e1ctenos - Nic limpieza","robots":{"index":"index","follow":"follow","max-snippet":"max-snippet:-1","max-image-preview":"max-image-preview:large","max-video-preview":"max-video-preview:-1"},"canonical":"https:\/\/niclimpieza.co\/index.php\/contact-us\/","og_locale":"es_ES","og_type":"article","og_title":"Cont\u00e1ctenos - Nic limpieza","og_description":"[vc_row gap=\u00bb15&#8243; css=\u00bb.vc_custom_1537270397615{margin-bottom: -10px !important;}\u00bb][vc_column width=\u00bb1\/2&#8243;][vc_column_text css=\u00bb.vc_custom_1696813244243{margin-bottom: 40px !important;}\u00bb] Cont\u00e1ctenos Sabemos que tienes necesidades y expectativas \u00fanicas. Por eso vamos m\u00e1s all\u00e1 del\u00a0aseo y la limpieza.[\/vc_column_text][\/vc_column][vc_column width=\u00bb1\/2&#8243;][vc_column_text css=\u00bb.vc_custom_1696813412412{margin-bottom: 27px !important;}\u00bb] Nuestra Ubicaci\u00f3n [\/vc_column_text][qt_google_maps_iframe maps_address=\u00bbNic limpieza\u00bb maps_zoom=\u00bb15&#8243; maps_width_unit=\u00bbpercentage\u00bb maps_height=\u00bb300&#8243; css=\u00bb.vc_custom_1701987485264{margin-bottom: 55px !important;}\u00bb][vc_row_inner equal_height=\u00bbyes\u00bb][vc_column_inner width=\u00bb1\/2&#8243; offset=\u00bbvc_col-lg-6 vc_col-md-6 vc_col-xs-12&#8243; css=\u00bb.vc_custom_1506016977818{margin-bottom: 20px !important;}\u00bb][vc_column_text] Direcci\u00f3n Av. Am\u00e9ricas # 69F &#8211;&hellip;","og_url":"https:\/\/niclimpieza.co\/index.php\/contact-us\/","og_site_name":"Nic limpieza","article_modified_time":"2024-06-17T20:42:55+00:00","twitter_card":"summary_large_image","twitter_misc":{"Tiempo de lectura":"1 minuto"},"schema":{"@context":"https:\/\/schema.org","@graph":[{"@type":"WebPage","@id":"https:\/\/niclimpieza.co\/index.php\/contact-us\/","url":"https:\/\/niclimpieza.co\/index.php\/contact-us\/","name":"Cont\u00e1ctenos - Nic limpieza","isPartOf":{"@id":"https:\/\/niclimpieza.co\/#website"},"datePublished":"2016-06-06T16:08:04+00:00","dateModified":"2024-06-17T20:42:55+00:00","breadcrumb":{"@id":"https:\/\/niclimpieza.co\/index.php\/contact-us\/#breadcrumb"},"inLanguage":"es","potentialAction":[{"@type":"ReadAction","target":["https:\/\/niclimpieza.co\/index.php\/contact-us\/"]}]},{"@type":"BreadcrumbList","@id":"https:\/\/niclimpieza.co\/index.php\/contact-us\/#breadcrumb","itemListElement":[{"@type":"ListItem","position":1,"name":"Portada","item":"https:\/\/niclimpieza.co\/"},{"@type":"ListItem","position":2,"name":"Cont\u00e1ctenos"}]},{"@type":"WebSite","@id":"https:\/\/niclimpieza.co\/#website","url":"https:\/\/niclimpieza.co\/","name":"Nic limpieza","description":"","publisher":{"@id":"https:\/\/niclimpieza.co\/#organization"},"potentialAction":[{"@type":"SearchAction","target":{"@type":"EntryPoint","urlTemplate":"https:\/\/niclimpieza.co\/?s={search_term_string}"},"query-input":{"@type":"PropertyValueSpecification","valueRequired":true,"valueName":"search_term_string"}}],"inLanguage":"es"},{"@type":"Organization","@id":"https:\/\/niclimpieza.co\/#organization","name":"Nic limpieza","url":"https:\/\/niclimpieza.co\/","logo":{"@type":"ImageObject","inLanguage":"es","@id":"https:\/\/niclimpieza.co\/#\/schema\/logo\/image\/","url":"https:\/\/www.niclimpieza.co\/wp-content\/uploads\/2023\/08\/mesa-de-trabajo-13.png","contentUrl":"https:\/\/www.niclimpieza.co\/wp-content\/uploads\/2023\/08\/mesa-de-trabajo-13.png","width":193,"height":131,"caption":"Nic limpieza"},"image":{"@id":"https:\/\/niclimpieza.co\/#\/schema\/logo\/image\/"}}]}},"_links":{"self":[{"href":"https:\/\/niclimpieza.co\/index.php\/wp-json\/wp\/v2\/pages\/891","targetHints":{"allow":["GET"]}}],"collection":[{"href":"https:\/\/niclimpieza.co\/index.php\/wp-json\/wp\/v2\/pages"}],"about":[{"href":"https:\/\/niclimpieza.co\/index.php\/wp-json\/wp\/v2\/types\/page"}],"author":[{"embeddable":true,"href":"https:\/\/niclimpieza.co\/index.php\/wp-json\/wp\/v2\/users\/1"}],"replies":[{"embeddable":true,"href":"https:\/\/niclimpieza.co\/index.php\/wp-json\/wp\/v2\/comments?post=891"}],"version-history":[{"count":10,"href":"https:\/\/niclimpieza.co\/index.php\/wp-json\/wp\/v2\/pages\/891\/revisions"}],"predecessor-version":[{"id":12952,"href":"https:\/\/niclimpieza.co\/index.php\/wp-json\/wp\/v2\/pages\/891\/revisions\/12952"}],"wp:attachment":[{"href":"https:\/\/niclimpieza.co\/index.php\/wp-json\/wp\/v2\/media?parent=891"}],"curies":[{"name":"wp","href":"https:\/\/api.w.org\/{rel}","templated":true}]}}