{"id":13341,"date":"2026-04-21T01:42:04","date_gmt":"2026-04-21T01:42:04","guid":{"rendered":"https:\/\/niclimpieza.co\/?post_type=product&#038;p=13341"},"modified":"2026-04-21T01:55:31","modified_gmt":"2026-04-21T01:55:31","slug":"combo-3","status":"publish","type":"product","link":"https:\/\/niclimpieza.co\/index.php\/product\/combo-3\/","title":{"rendered":"Combo 3"},"content":{"rendered":"","protected":false},"excerpt":{"rendered":"<p>Producto Desarrollo<\/p>\n<p>&nbsp;<\/p>\n","protected":false},"featured_media":13342,"comment_status":"open","ping_status":"closed","template":"","meta":[],"product_brand":[],"product_cat":[53],"product_tag":[],"class_list":{"0":"post-13341","1":"product","2":"type-product","3":"status-publish","4":"has-post-thumbnail","6":"product_cat-productos-de-aseo","8":"first","9":"outofstock","10":"shipping-taxable","11":"purchasable","12":"product-type-simple"},"acf":[],"yoast_head":"<!-- This site is optimized with the Yoast SEO plugin v27.4 - https:\/\/yoast.com\/product\/yoast-seo-wordpress\/ -->\n<title>Combo 3 - Nic limpieza<\/title>\n<meta name=\"description\" content=\"Producto en tableta efervescente biodegradable y de alta efectividad, ideal para limpiar y proteger las super\ufb01cies de cristal, manteni\u00e9ndolas limpias por mucho m\u00e1s tiempo evitando que se empa\u00f1en.\" \/>\n<meta name=\"robots\" content=\"index, follow, max-snippet:-1, max-image-preview:large, max-video-preview:-1\" \/>\n<link rel=\"canonical\" href=\"https:\/\/niclimpieza.co\/index.php\/product\/combo-3\/\" \/>\n<meta property=\"og:locale\" content=\"es_ES\" \/>\n<meta property=\"og:type\" content=\"article\" \/>\n<meta property=\"og:title\" content=\"Combo 3 - Nic limpieza\" \/>\n<meta property=\"og:description\" content=\"Producto en tableta efervescente biodegradable y de alta efectividad, ideal para limpiar y proteger las super\ufb01cies de cristal, manteni\u00e9ndolas limpias por mucho m\u00e1s tiempo evitando que se empa\u00f1en.\" \/>\n<meta property=\"og:url\" content=\"https:\/\/niclimpieza.co\/index.php\/product\/combo-3\/\" \/>\n<meta property=\"og:site_name\" content=\"Nic limpieza\" \/>\n<meta property=\"article:modified_time\" content=\"2026-04-21T01:55:31+00:00\" \/>\n<meta property=\"og:image\" content=\"https:\/\/niclimpieza.co\/wp-content\/uploads\/2026\/04\/COMBO-3.png\" \/>\n\t<meta property=\"og:image:width\" content=\"300\" \/>\n\t<meta property=\"og:image:height\" content=\"225\" \/>\n\t<meta property=\"og:image:type\" content=\"image\/png\" \/>\n<meta name=\"twitter:card\" content=\"summary_large_image\" \/>\n<meta name=\"twitter:label1\" content=\"Tiempo de lectura\" \/>\n\t<meta name=\"twitter:data1\" content=\"1 minuto\" \/>\n<script type=\"application\/ld+json\" class=\"yoast-schema-graph\">{\"@context\":\"https:\\\/\\\/schema.org\",\"@graph\":[{\"@type\":\"WebPage\",\"@id\":\"https:\\\/\\\/niclimpieza.co\\\/index.php\\\/product\\\/combo-3\\\/\",\"url\":\"https:\\\/\\\/niclimpieza.co\\\/index.php\\\/product\\\/combo-3\\\/\",\"name\":\"Combo 3 - Nic limpieza\",\"isPartOf\":{\"@id\":\"https:\\\/\\\/niclimpieza.co\\\/#website\"},\"primaryImageOfPage\":{\"@id\":\"https:\\\/\\\/niclimpieza.co\\\/index.php\\\/product\\\/combo-3\\\/#primaryimage\"},\"image\":{\"@id\":\"https:\\\/\\\/niclimpieza.co\\\/index.php\\\/product\\\/combo-3\\\/#primaryimage\"},\"thumbnailUrl\":\"https:\\\/\\\/niclimpieza.co\\\/wp-content\\\/uploads\\\/2026\\\/04\\\/COMBO-3.png\",\"datePublished\":\"2026-04-21T01:42:04+00:00\",\"dateModified\":\"2026-04-21T01:55:31+00:00\",\"description\":\"Producto en tableta efervescente biodegradable y de alta efectividad, ideal para limpiar y proteger las super\ufb01cies de cristal, manteni\u00e9ndolas limpias por mucho m\u00e1s tiempo evitando que se empa\u00f1en.\",\"breadcrumb\":{\"@id\":\"https:\\\/\\\/niclimpieza.co\\\/index.php\\\/product\\\/combo-3\\\/#breadcrumb\"},\"inLanguage\":\"es\",\"potentialAction\":[{\"@type\":\"ReadAction\",\"target\":[\"https:\\\/\\\/niclimpieza.co\\\/index.php\\\/product\\\/combo-3\\\/\"]}]},{\"@type\":\"ImageObject\",\"inLanguage\":\"es\",\"@id\":\"https:\\\/\\\/niclimpieza.co\\\/index.php\\\/product\\\/combo-3\\\/#primaryimage\",\"url\":\"https:\\\/\\\/niclimpieza.co\\\/wp-content\\\/uploads\\\/2026\\\/04\\\/COMBO-3.png\",\"contentUrl\":\"https:\\\/\\\/niclimpieza.co\\\/wp-content\\\/uploads\\\/2026\\\/04\\\/COMBO-3.png\",\"width\":300,\"height\":225},{\"@type\":\"BreadcrumbList\",\"@id\":\"https:\\\/\\\/niclimpieza.co\\\/index.php\\\/product\\\/combo-3\\\/#breadcrumb\",\"itemListElement\":[{\"@type\":\"ListItem\",\"position\":1,\"name\":\"Portada\",\"item\":\"https:\\\/\\\/niclimpieza.co\\\/\"},{\"@type\":\"ListItem\",\"position\":2,\"name\":\"Productos\",\"item\":\"https:\\\/\\\/niclimpieza.co\\\/index.php\\\/shop\\\/\"},{\"@type\":\"ListItem\",\"position\":3,\"name\":\"Combo 3\"}]},{\"@type\":\"WebSite\",\"@id\":\"https:\\\/\\\/niclimpieza.co\\\/#website\",\"url\":\"https:\\\/\\\/niclimpieza.co\\\/\",\"name\":\"Nic limpieza\",\"description\":\"\",\"publisher\":{\"@id\":\"https:\\\/\\\/niclimpieza.co\\\/#organization\"},\"potentialAction\":[{\"@type\":\"SearchAction\",\"target\":{\"@type\":\"EntryPoint\",\"urlTemplate\":\"https:\\\/\\\/niclimpieza.co\\\/?s={search_term_string}\"},\"query-input\":{\"@type\":\"PropertyValueSpecification\",\"valueRequired\":true,\"valueName\":\"search_term_string\"}}],\"inLanguage\":\"es\"},{\"@type\":\"Organization\",\"@id\":\"https:\\\/\\\/niclimpieza.co\\\/#organization\",\"name\":\"Nic limpieza\",\"url\":\"https:\\\/\\\/niclimpieza.co\\\/\",\"logo\":{\"@type\":\"ImageObject\",\"inLanguage\":\"es\",\"@id\":\"https:\\\/\\\/niclimpieza.co\\\/#\\\/schema\\\/logo\\\/image\\\/\",\"url\":\"https:\\\/\\\/www.niclimpieza.co\\\/wp-content\\\/uploads\\\/2023\\\/08\\\/mesa-de-trabajo-13.png\",\"contentUrl\":\"https:\\\/\\\/www.niclimpieza.co\\\/wp-content\\\/uploads\\\/2023\\\/08\\\/mesa-de-trabajo-13.png\",\"width\":193,\"height\":131,\"caption\":\"Nic limpieza\"},\"image\":{\"@id\":\"https:\\\/\\\/niclimpieza.co\\\/#\\\/schema\\\/logo\\\/image\\\/\"}}]}<\/script>\n<!-- \/ Yoast SEO plugin. -->","yoast_head_json":{"title":"Combo 3 - Nic limpieza","description":"Producto en tableta efervescente biodegradable y de alta efectividad, ideal para limpiar y proteger las super\ufb01cies de cristal, manteni\u00e9ndolas limpias por mucho m\u00e1s tiempo evitando que se empa\u00f1en.","robots":{"index":"index","follow":"follow","max-snippet":"max-snippet:-1","max-image-preview":"max-image-preview:large","max-video-preview":"max-video-preview:-1"},"canonical":"https:\/\/niclimpieza.co\/index.php\/product\/combo-3\/","og_locale":"es_ES","og_type":"article","og_title":"Combo 3 - Nic limpieza","og_description":"Producto en tableta efervescente biodegradable y de alta efectividad, ideal para limpiar y proteger las super\ufb01cies de cristal, manteni\u00e9ndolas limpias por mucho m\u00e1s tiempo evitando que se empa\u00f1en.","og_url":"https:\/\/niclimpieza.co\/index.php\/product\/combo-3\/","og_site_name":"Nic limpieza","article_modified_time":"2026-04-21T01:55:31+00:00","og_image":[{"width":300,"height":225,"url":"https:\/\/niclimpieza.co\/wp-content\/uploads\/2026\/04\/COMBO-3.png","type":"image\/png"}],"twitter_card":"summary_large_image","twitter_misc":{"Tiempo de lectura":"1 minuto"},"schema":{"@context":"https:\/\/schema.org","@graph":[{"@type":"WebPage","@id":"https:\/\/niclimpieza.co\/index.php\/product\/combo-3\/","url":"https:\/\/niclimpieza.co\/index.php\/product\/combo-3\/","name":"Combo 3 - Nic limpieza","isPartOf":{"@id":"https:\/\/niclimpieza.co\/#website"},"primaryImageOfPage":{"@id":"https:\/\/niclimpieza.co\/index.php\/product\/combo-3\/#primaryimage"},"image":{"@id":"https:\/\/niclimpieza.co\/index.php\/product\/combo-3\/#primaryimage"},"thumbnailUrl":"https:\/\/niclimpieza.co\/wp-content\/uploads\/2026\/04\/COMBO-3.png","datePublished":"2026-04-21T01:42:04+00:00","dateModified":"2026-04-21T01:55:31+00:00","description":"Producto en tableta efervescente biodegradable y de alta efectividad, ideal para limpiar y proteger las super\ufb01cies de cristal, manteni\u00e9ndolas limpias por mucho m\u00e1s tiempo evitando que se empa\u00f1en.","breadcrumb":{"@id":"https:\/\/niclimpieza.co\/index.php\/product\/combo-3\/#breadcrumb"},"inLanguage":"es","potentialAction":[{"@type":"ReadAction","target":["https:\/\/niclimpieza.co\/index.php\/product\/combo-3\/"]}]},{"@type":"ImageObject","inLanguage":"es","@id":"https:\/\/niclimpieza.co\/index.php\/product\/combo-3\/#primaryimage","url":"https:\/\/niclimpieza.co\/wp-content\/uploads\/2026\/04\/COMBO-3.png","contentUrl":"https:\/\/niclimpieza.co\/wp-content\/uploads\/2026\/04\/COMBO-3.png","width":300,"height":225},{"@type":"BreadcrumbList","@id":"https:\/\/niclimpieza.co\/index.php\/product\/combo-3\/#breadcrumb","itemListElement":[{"@type":"ListItem","position":1,"name":"Portada","item":"https:\/\/niclimpieza.co\/"},{"@type":"ListItem","position":2,"name":"Productos","item":"https:\/\/niclimpieza.co\/index.php\/shop\/"},{"@type":"ListItem","position":3,"name":"Combo 3"}]},{"@type":"WebSite","@id":"https:\/\/niclimpieza.co\/#website","url":"https:\/\/niclimpieza.co\/","name":"Nic limpieza","description":"","publisher":{"@id":"https:\/\/niclimpieza.co\/#organization"},"potentialAction":[{"@type":"SearchAction","target":{"@type":"EntryPoint","urlTemplate":"https:\/\/niclimpieza.co\/?s={search_term_string}"},"query-input":{"@type":"PropertyValueSpecification","valueRequired":true,"valueName":"search_term_string"}}],"inLanguage":"es"},{"@type":"Organization","@id":"https:\/\/niclimpieza.co\/#organization","name":"Nic limpieza","url":"https:\/\/niclimpieza.co\/","logo":{"@type":"ImageObject","inLanguage":"es","@id":"https:\/\/niclimpieza.co\/#\/schema\/logo\/image\/","url":"https:\/\/www.niclimpieza.co\/wp-content\/uploads\/2023\/08\/mesa-de-trabajo-13.png","contentUrl":"https:\/\/www.niclimpieza.co\/wp-content\/uploads\/2023\/08\/mesa-de-trabajo-13.png","width":193,"height":131,"caption":"Nic limpieza"},"image":{"@id":"https:\/\/niclimpieza.co\/#\/schema\/logo\/image\/"}}]}},"_links":{"self":[{"href":"https:\/\/niclimpieza.co\/index.php\/wp-json\/wp\/v2\/product\/13341","targetHints":{"allow":["GET"]}}],"collection":[{"href":"https:\/\/niclimpieza.co\/index.php\/wp-json\/wp\/v2\/product"}],"about":[{"href":"https:\/\/niclimpieza.co\/index.php\/wp-json\/wp\/v2\/types\/product"}],"replies":[{"embeddable":true,"href":"https:\/\/niclimpieza.co\/index.php\/wp-json\/wp\/v2\/comments?post=13341"}],"wp:featuredmedia":[{"embeddable":true,"href":"https:\/\/niclimpieza.co\/index.php\/wp-json\/wp\/v2\/media\/13342"}],"wp:attachment":[{"href":"https:\/\/niclimpieza.co\/index.php\/wp-json\/wp\/v2\/media?parent=13341"}],"wp:term":[{"taxonomy":"product_brand","embeddable":true,"href":"https:\/\/niclimpieza.co\/index.php\/wp-json\/wp\/v2\/product_brand?post=13341"},{"taxonomy":"product_cat","embeddable":true,"href":"https:\/\/niclimpieza.co\/index.php\/wp-json\/wp\/v2\/product_cat?post=13341"},{"taxonomy":"product_tag","embeddable":true,"href":"https:\/\/niclimpieza.co\/index.php\/wp-json\/wp\/v2\/product_tag?post=13341"}],"curies":[{"name":"wp","href":"https:\/\/api.w.org\/{rel}","templated":true}]}}